{"id":709,"date":"2025-12-09T16:53:50","date_gmt":"2025-12-09T16:53:50","guid":{"rendered":"https:\/\/notare-schaan.li\/?page_id=709"},"modified":"2025-12-12T14:44:28","modified_gmt":"2025-12-12T14:44:28","slug":"thomas-wiedl","status":"publish","type":"page","link":"https:\/\/notare-schaan.li\/index.php\/thomas-wiedl\/","title":{"rendered":"Thomas Wiedl"},"content":{"rendered":"\t\t<div data-elementor-type=\"wp-page\" data-elementor-id=\"709\" class=\"elementor elementor-709\" data-elementor-post-type=\"page\">\n\t\t\t\t<div class=\"elementor-element elementor-element-01a1ef2 e-con-full e-flex e-con e-parent\" data-id=\"01a1ef2\" data-element_type=\"container\" data-e-type=\"container\">\n\t\t<div class=\"elementor-element elementor-element-689eb82 e-con-full e-flex e-con e-child\" data-id=\"689eb82\" data-element_type=\"container\" data-e-type=\"container\">\n\t\t\t\t<div class=\"elementor-element elementor-element-f156ba8 elementor-widget elementor-widget-heading\" data-id=\"f156ba8\" data-element_type=\"widget\" data-e-type=\"widget\" data-widget_type=\"heading.default\">\n\t\t\t\t\t<h2 class=\"elementor-heading-title elementor-size-default\">THOMAS WIEDL<\/h2>\t\t\t\t<\/div>\n\t\t\t\t<div class=\"elementor-element elementor-element-94cb601 elementor-widget-divider--view-line elementor-widget elementor-widget-divider\" data-id=\"94cb601\" data-element_type=\"widget\" data-e-type=\"widget\" data-widget_type=\"divider.default\">\n\t\t\t\t\t\t\t<div class=\"elementor-divider\">\n\t\t\t<span class=\"elementor-divider-separator\">\n\t\t\t\t\t\t<\/span>\n\t\t<\/div>\n\t\t\t\t\t\t<\/div>\n\t\t\t\t<\/div>\n\t\t<div class=\"elementor-element elementor-element-fe1cbb2 e-con-full e-flex e-con e-child\" data-id=\"fe1cbb2\" data-element_type=\"container\" data-e-type=\"container\">\n\t\t<div class=\"elementor-element elementor-element-5669c79 e-con-full e-flex e-con e-child\" data-id=\"5669c79\" data-element_type=\"container\" data-e-type=\"container\" data-settings=\"{&quot;background_background&quot;:&quot;classic&quot;}\">\n\t\t\t\t<div class=\"elementor-element elementor-element-96c9527 elementor-widget elementor-widget-image\" data-id=\"96c9527\" data-element_type=\"widget\" data-e-type=\"widget\" data-widget_type=\"image.default\">\n\t\t\t\t\t\t\t\t\t\t\t\t\t\t\t<img loading=\"lazy\" decoding=\"async\" width=\"849\" height=\"1057\" src=\"https:\/\/i0.wp.com\/notare-schaan.li\/wp-content\/uploads\/2025\/11\/IMG_3277-3.jpg?fit=849%2C1057&amp;ssl=1\" class=\"attachment-2048x2048 size-2048x2048 wp-image-382\" alt=\"\" srcset=\"https:\/\/i0.wp.com\/notare-schaan.li\/wp-content\/uploads\/2025\/11\/IMG_3277-3.jpg?w=849&amp;ssl=1 849w, https:\/\/i0.wp.com\/notare-schaan.li\/wp-content\/uploads\/2025\/11\/IMG_3277-3.jpg?resize=241%2C300&amp;ssl=1 241w, https:\/\/i0.wp.com\/notare-schaan.li\/wp-content\/uploads\/2025\/11\/IMG_3277-3.jpg?resize=822%2C1024&amp;ssl=1 822w, https:\/\/i0.wp.com\/notare-schaan.li\/wp-content\/uploads\/2025\/11\/IMG_3277-3.jpg?resize=768%2C956&amp;ssl=1 768w\" sizes=\"auto, (max-width: 800px) 100vw, 800px\" \/>\t\t\t\t\t\t\t\t\t\t\t\t\t\t\t<\/div>\n\t\t\t\t<div class=\"elementor-element elementor-element-6dccb95 elementor-widget elementor-widget-text-editor\" data-id=\"6dccb95\" data-element_type=\"widget\" data-e-type=\"widget\" data-widget_type=\"text-editor.default\">\n\t\t\t\t\t\t\t\t\t<p>DR. IUR. LL. M.<\/p><p>\u00d6FFENTLICHER NOTAR<\/p><p><a href=\"mailto:thomas.wiedl@ospelt-law.li\">thomas.wiedl@ospelt-law.li<\/a><\/p>\t\t\t\t\t\t\t\t<\/div>\n\t\t\t\t<\/div>\n\t\t<div class=\"elementor-element elementor-element-e32a983 e-con-full e-flex e-con e-child\" data-id=\"e32a983\" data-element_type=\"container\" data-e-type=\"container\">\n\t\t\t\t<div class=\"elementor-element elementor-element-175b3f3 elementor-widget elementor-widget-text-editor\" data-id=\"175b3f3\" data-element_type=\"widget\" data-e-type=\"widget\" data-widget_type=\"text-editor.default\">\n\t\t\t\t\t\t\t\t\t<p>RECHTSANWALT \/ NOTAR<\/p>\t\t\t\t\t\t\t\t<\/div>\n\t\t\t\t<div class=\"elementor-element elementor-element-95f622c elementor-icon-list--layout-traditional elementor-list-item-link-full_width elementor-widget elementor-widget-icon-list\" data-id=\"95f622c\" data-element_type=\"widget\" data-e-type=\"widget\" data-widget_type=\"icon-list.default\">\n\t\t\t\t\t\t\t<ul class=\"elementor-icon-list-items\">\n\t\t\t\t\t\t\t<li class=\"elementor-icon-list-item\">\n\t\t\t\t\t\t\t\t\t\t\t<span class=\"elementor-icon-list-icon\">\n\t\t\t\t\t\t\t<svg aria-hidden=\"true\" class=\"e-font-icon-svg e-fas-minus\" viewBox=\"0 0 448 512\" xmlns=\"http:\/\/www.w3.org\/2000\/svg\"><path d=\"M416 208H32c-17.67 0-32 14.33-32 32v32c0 17.67 14.33 32 32 32h384c17.67 0 32-14.33 32-32v-32c0-17.67-14.33-32-32-32z\"><\/path><\/svg>\t\t\t\t\t\t<\/span>\n\t\t\t\t\t\t\t\t\t\t<span class=\"elementor-icon-list-text\">\u00d6sterreich (2006)<\/span>\n\t\t\t\t\t\t\t\t\t<\/li>\n\t\t\t\t\t\t\t\t<li class=\"elementor-icon-list-item\">\n\t\t\t\t\t\t\t\t\t\t\t<span class=\"elementor-icon-list-icon\">\n\t\t\t\t\t\t\t<svg aria-hidden=\"true\" class=\"e-font-icon-svg e-fas-minus\" viewBox=\"0 0 448 512\" xmlns=\"http:\/\/www.w3.org\/2000\/svg\"><path d=\"M416 208H32c-17.67 0-32 14.33-32 32v32c0 17.67 14.33 32 32 32h384c17.67 0 32-14.33 32-32v-32c0-17.67-14.33-32-32-32z\"><\/path><\/svg>\t\t\t\t\t\t<\/span>\n\t\t\t\t\t\t\t\t\t\t<span class=\"elementor-icon-list-text\">Liechtenstein (2010)<\/span>\n\t\t\t\t\t\t\t\t\t<\/li>\n\t\t\t\t\t\t\t\t<li class=\"elementor-icon-list-item\">\n\t\t\t\t\t\t\t\t\t\t\t<span class=\"elementor-icon-list-icon\">\n\t\t\t\t\t\t\t<svg aria-hidden=\"true\" class=\"e-font-icon-svg e-fas-minus\" viewBox=\"0 0 448 512\" xmlns=\"http:\/\/www.w3.org\/2000\/svg\"><path d=\"M416 208H32c-17.67 0-32 14.33-32 32v32c0 17.67 14.33 32 32 32h384c17.67 0 32-14.33 32-32v-32c0-17.67-14.33-32-32-32z\"><\/path><\/svg>\t\t\t\t\t\t<\/span>\n\t\t\t\t\t\t\t\t\t\t<span class=\"elementor-icon-list-text\">\u00d6ffentlicher Notar in Liechtenstein (2021)<\/span>\n\t\t\t\t\t\t\t\t\t<\/li>\n\t\t\t\t\t\t<\/ul>\n\t\t\t\t\t\t<\/div>\n\t\t\t\t<div class=\"elementor-element elementor-element-ec151ed elementor-widget elementor-widget-text-editor\" data-id=\"ec151ed\" data-element_type=\"widget\" data-e-type=\"widget\" data-widget_type=\"text-editor.default\">\n\t\t\t\t\t\t\t\t\t<p>T\u00c4TIGKEITSSCHWERPUNKTE<\/p>\t\t\t\t\t\t\t\t<\/div>\n\t\t\t\t<div class=\"elementor-element elementor-element-b0e16b9 elementor-icon-list--layout-traditional elementor-list-item-link-full_width elementor-widget elementor-widget-icon-list\" data-id=\"b0e16b9\" data-element_type=\"widget\" data-e-type=\"widget\" data-widget_type=\"icon-list.default\">\n\t\t\t\t\t\t\t<ul class=\"elementor-icon-list-items\">\n\t\t\t\t\t\t\t<li class=\"elementor-icon-list-item\">\n\t\t\t\t\t\t\t\t\t\t\t<span class=\"elementor-icon-list-icon\">\n\t\t\t\t\t\t\t<svg aria-hidden=\"true\" class=\"e-font-icon-svg e-fas-minus\" viewBox=\"0 0 448 512\" xmlns=\"http:\/\/www.w3.org\/2000\/svg\"><path d=\"M416 208H32c-17.67 0-32 14.33-32 32v32c0 17.67 14.33 32 32 32h384c17.67 0 32-14.33 32-32v-32c0-17.67-14.33-32-32-32z\"><\/path><\/svg>\t\t\t\t\t\t<\/span>\n\t\t\t\t\t\t\t\t\t\t<span class=\"elementor-icon-list-text\">Zivilrecht<\/span>\n\t\t\t\t\t\t\t\t\t<\/li>\n\t\t\t\t\t\t\t\t<li class=\"elementor-icon-list-item\">\n\t\t\t\t\t\t\t\t\t\t\t<span class=\"elementor-icon-list-icon\">\n\t\t\t\t\t\t\t<svg aria-hidden=\"true\" class=\"e-font-icon-svg e-fas-minus\" viewBox=\"0 0 448 512\" xmlns=\"http:\/\/www.w3.org\/2000\/svg\"><path d=\"M416 208H32c-17.67 0-32 14.33-32 32v32c0 17.67 14.33 32 32 32h384c17.67 0 32-14.33 32-32v-32c0-17.67-14.33-32-32-32z\"><\/path><\/svg>\t\t\t\t\t\t<\/span>\n\t\t\t\t\t\t\t\t\t\t<span class=\"elementor-icon-list-text\">Arbeitsrecht<\/span>\n\t\t\t\t\t\t\t\t\t<\/li>\n\t\t\t\t\t\t\t\t<li class=\"elementor-icon-list-item\">\n\t\t\t\t\t\t\t\t\t\t\t<span class=\"elementor-icon-list-icon\">\n\t\t\t\t\t\t\t<svg aria-hidden=\"true\" class=\"e-font-icon-svg e-fas-minus\" viewBox=\"0 0 448 512\" xmlns=\"http:\/\/www.w3.org\/2000\/svg\"><path d=\"M416 208H32c-17.67 0-32 14.33-32 32v32c0 17.67 14.33 32 32 32h384c17.67 0 32-14.33 32-32v-32c0-17.67-14.33-32-32-32z\"><\/path><\/svg>\t\t\t\t\t\t<\/span>\n\t\t\t\t\t\t\t\t\t\t<span class=\"elementor-icon-list-text\">Vertragsrecht<\/span>\n\t\t\t\t\t\t\t\t\t<\/li>\n\t\t\t\t\t\t\t\t<li class=\"elementor-icon-list-item\">\n\t\t\t\t\t\t\t\t\t\t\t<span class=\"elementor-icon-list-icon\">\n\t\t\t\t\t\t\t<svg aria-hidden=\"true\" class=\"e-font-icon-svg e-fas-minus\" viewBox=\"0 0 448 512\" xmlns=\"http:\/\/www.w3.org\/2000\/svg\"><path d=\"M416 208H32c-17.67 0-32 14.33-32 32v32c0 17.67 14.33 32 32 32h384c17.67 0 32-14.33 32-32v-32c0-17.67-14.33-32-32-32z\"><\/path><\/svg>\t\t\t\t\t\t<\/span>\n\t\t\t\t\t\t\t\t\t\t<span class=\"elementor-icon-list-text\">Wirtschafts- und Handelsrecht<\/span>\n\t\t\t\t\t\t\t\t\t<\/li>\n\t\t\t\t\t\t\t\t<li class=\"elementor-icon-list-item\">\n\t\t\t\t\t\t\t\t\t\t\t<span class=\"elementor-icon-list-icon\">\n\t\t\t\t\t\t\t<svg aria-hidden=\"true\" class=\"e-font-icon-svg e-fas-minus\" viewBox=\"0 0 448 512\" xmlns=\"http:\/\/www.w3.org\/2000\/svg\"><path d=\"M416 208H32c-17.67 0-32 14.33-32 32v32c0 17.67 14.33 32 32 32h384c17.67 0 32-14.33 32-32v-32c0-17.67-14.33-32-32-32z\"><\/path><\/svg>\t\t\t\t\t\t<\/span>\n\t\t\t\t\t\t\t\t\t\t<span class=\"elementor-icon-list-text\">Bank- und Kapitalmarktrecht<\/span>\n\t\t\t\t\t\t\t\t\t<\/li>\n\t\t\t\t\t\t\t\t<li class=\"elementor-icon-list-item\">\n\t\t\t\t\t\t\t\t\t\t\t<span class=\"elementor-icon-list-icon\">\n\t\t\t\t\t\t\t<svg aria-hidden=\"true\" class=\"e-font-icon-svg e-fas-minus\" viewBox=\"0 0 448 512\" xmlns=\"http:\/\/www.w3.org\/2000\/svg\"><path d=\"M416 208H32c-17.67 0-32 14.33-32 32v32c0 17.67 14.33 32 32 32h384c17.67 0 32-14.33 32-32v-32c0-17.67-14.33-32-32-32z\"><\/path><\/svg>\t\t\t\t\t\t<\/span>\n\t\t\t\t\t\t\t\t\t\t<span class=\"elementor-icon-list-text\">Strafrecht<\/span>\n\t\t\t\t\t\t\t\t\t<\/li>\n\t\t\t\t\t\t\t\t<li class=\"elementor-icon-list-item\">\n\t\t\t\t\t\t\t\t\t\t\t<span class=\"elementor-icon-list-icon\">\n\t\t\t\t\t\t\t<svg aria-hidden=\"true\" class=\"e-font-icon-svg e-fas-minus\" viewBox=\"0 0 448 512\" xmlns=\"http:\/\/www.w3.org\/2000\/svg\"><path d=\"M416 208H32c-17.67 0-32 14.33-32 32v32c0 17.67 14.33 32 32 32h384c17.67 0 32-14.33 32-32v-32c0-17.67-14.33-32-32-32z\"><\/path><\/svg>\t\t\t\t\t\t<\/span>\n\t\t\t\t\t\t\t\t\t\t<span class=\"elementor-icon-list-text\">Sportrecht<\/span>\n\t\t\t\t\t\t\t\t\t<\/li>\n\t\t\t\t\t\t<\/ul>\n\t\t\t\t\t\t<\/div>\n\t\t\t\t<\/div>\n\t\t<div class=\"elementor-element elementor-element-c940192 e-con-full e-flex e-con e-child\" data-id=\"c940192\" data-element_type=\"container\" data-e-type=\"container\">\n\t\t\t\t<div class=\"elementor-element elementor-element-0fceb2e elementor-widget elementor-widget-text-editor\" data-id=\"0fceb2e\" data-element_type=\"widget\" data-e-type=\"widget\" data-widget_type=\"text-editor.default\">\n\t\t\t\t\t\t\t\t\t<p>AUSBILDUNG<\/p>\t\t\t\t\t\t\t\t<\/div>\n\t\t\t\t<div class=\"elementor-element elementor-element-8f67809 elementor-icon-list--layout-traditional elementor-list-item-link-full_width elementor-widget elementor-widget-icon-list\" data-id=\"8f67809\" data-element_type=\"widget\" data-e-type=\"widget\" data-widget_type=\"icon-list.default\">\n\t\t\t\t\t\t\t<ul class=\"elementor-icon-list-items\">\n\t\t\t\t\t\t\t<li class=\"elementor-icon-list-item\">\n\t\t\t\t\t\t\t\t\t\t\t<span class=\"elementor-icon-list-icon\">\n\t\t\t\t\t\t\t<svg aria-hidden=\"true\" class=\"e-font-icon-svg e-fas-minus\" viewBox=\"0 0 448 512\" xmlns=\"http:\/\/www.w3.org\/2000\/svg\"><path d=\"M416 208H32c-17.67 0-32 14.33-32 32v32c0 17.67 14.33 32 32 32h384c17.67 0 32-14.33 32-32v-32c0-17.67-14.33-32-32-32z\"><\/path><\/svg>\t\t\t\t\t\t<\/span>\n\t\t\t\t\t\t\t\t\t\t<span class=\"elementor-icon-list-text\">Universit\u00e4t Innsbruck, Mag. iur. (1999)<\/span>\n\t\t\t\t\t\t\t\t\t<\/li>\n\t\t\t\t\t\t\t\t<li class=\"elementor-icon-list-item\">\n\t\t\t\t\t\t\t\t\t\t\t<span class=\"elementor-icon-list-icon\">\n\t\t\t\t\t\t\t<svg aria-hidden=\"true\" class=\"e-font-icon-svg e-fas-minus\" viewBox=\"0 0 448 512\" xmlns=\"http:\/\/www.w3.org\/2000\/svg\"><path d=\"M416 208H32c-17.67 0-32 14.33-32 32v32c0 17.67 14.33 32 32 32h384c17.67 0 32-14.33 32-32v-32c0-17.67-14.33-32-32-32z\"><\/path><\/svg>\t\t\t\t\t\t<\/span>\n\t\t\t\t\t\t\t\t\t\t<span class=\"elementor-icon-list-text\">Universit\u00e4t Innsbruck, Dr. iur. (2003)<\/span>\n\t\t\t\t\t\t\t\t\t<\/li>\n\t\t\t\t\t\t<\/ul>\n\t\t\t\t\t\t<\/div>\n\t\t\t\t<div class=\"elementor-element elementor-element-d3c874a elementor-widget elementor-widget-text-editor\" data-id=\"d3c874a\" data-element_type=\"widget\" data-e-type=\"widget\" data-widget_type=\"text-editor.default\">\n\t\t\t\t\t\t\t\t\t<p>SPRACHEN<\/p>\t\t\t\t\t\t\t\t<\/div>\n\t\t\t\t<div class=\"elementor-element elementor-element-a31f8ff elementor-icon-list--layout-traditional elementor-list-item-link-full_width elementor-widget elementor-widget-icon-list\" data-id=\"a31f8ff\" data-element_type=\"widget\" data-e-type=\"widget\" data-widget_type=\"icon-list.default\">\n\t\t\t\t\t\t\t<ul class=\"elementor-icon-list-items\">\n\t\t\t\t\t\t\t<li class=\"elementor-icon-list-item\">\n\t\t\t\t\t\t\t\t\t\t\t<span class=\"elementor-icon-list-icon\">\n\t\t\t\t\t\t\t<svg aria-hidden=\"true\" class=\"e-font-icon-svg e-fas-minus\" viewBox=\"0 0 448 512\" xmlns=\"http:\/\/www.w3.org\/2000\/svg\"><path d=\"M416 208H32c-17.67 0-32 14.33-32 32v32c0 17.67 14.33 32 32 32h384c17.67 0 32-14.33 32-32v-32c0-17.67-14.33-32-32-32z\"><\/path><\/svg>\t\t\t\t\t\t<\/span>\n\t\t\t\t\t\t\t\t\t\t<span class=\"elementor-icon-list-text\">Deutsch, Englisch,<\/span>\n\t\t\t\t\t\t\t\t\t<\/li>\n\t\t\t\t\t\t<\/ul>\n\t\t\t\t\t\t<\/div>\n\t\t\t\t<\/div>\n\t\t\t\t<\/div>\n\t\t\t\t<\/div>\n\t\t\t\t<\/div>\n\t\t","protected":false},"excerpt":{"rendered":"<p>THOMAS WIEDL DR. IUR. LL. M. \u00d6FFENTLICHER NOTAR thomas.wiedl@ospelt-law.li RECHTSANWALT \/ NOTAR \u00d6sterreich (2006) Liechtenstein (2010) \u00d6ffentlicher Notar in Liechtenstein (2021) T\u00c4TIGKEITSSCHWERPUNKTE Zivilrecht Arbeitsrecht Vertragsrecht Wirtschafts- und Handelsrecht Bank- und Kapitalmarktrecht Strafrecht Sportrecht AUSBILDUNG Universit\u00e4t Innsbruck, Mag. iur. (1999) Universit\u00e4t Innsbruck, Dr. iur. (2003) SPRACHEN Deutsch, Englisch,<\/p>\n","protected":false},"author":2,"featured_media":0,"parent":0,"menu_order":0,"comment_status":"closed","ping_status":"closed","template":"","meta":{"footnotes":""},"class_list":["post-709","page","type-page","status-publish","hentry"],"yoast_head":"<!-- This site is optimized with the Yoast SEO plugin v27.4 - https:\/\/yoast.com\/product\/yoast-seo-wordpress\/ -->\n<title>Thomas Wiedl - Notare Schaan<\/title>\n<meta name=\"robots\" content=\"index, follow, max-snippet:-1, max-image-preview:large, max-video-preview:-1\" \/>\n<link rel=\"canonical\" href=\"https:\/\/notare-schaan.li\/index.php\/thomas-wiedl\/\" \/>\n<meta property=\"og:locale\" content=\"de_DE\" \/>\n<meta property=\"og:type\" content=\"article\" \/>\n<meta property=\"og:title\" content=\"Thomas Wiedl - Notare Schaan\" \/>\n<meta property=\"og:description\" content=\"THOMAS WIEDL DR. IUR. LL. M. \u00d6FFENTLICHER NOTAR thomas.wiedl@ospelt-law.li RECHTSANWALT \/ NOTAR \u00d6sterreich (2006) Liechtenstein (2010) \u00d6ffentlicher Notar in Liechtenstein (2021) T\u00c4TIGKEITSSCHWERPUNKTE Zivilrecht Arbeitsrecht Vertragsrecht Wirtschafts- und Handelsrecht Bank- und Kapitalmarktrecht Strafrecht Sportrecht AUSBILDUNG Universit\u00e4t Innsbruck, Mag. iur. (1999) Universit\u00e4t Innsbruck, Dr. iur. (2003) SPRACHEN Deutsch, Englisch,\" \/>\n<meta property=\"og:url\" content=\"https:\/\/notare-schaan.li\/index.php\/thomas-wiedl\/\" \/>\n<meta property=\"og:site_name\" content=\"Notare Schaan\" \/>\n<meta property=\"article:modified_time\" content=\"2025-12-12T14:44:28+00:00\" \/>\n<meta property=\"og:image\" content=\"https:\/\/notare-schaan.li\/wp-content\/uploads\/2025\/11\/IMG_3277-3.jpg\" \/>\n<meta name=\"twitter:card\" content=\"summary_large_image\" \/>\n<meta name=\"twitter:label1\" content=\"Gesch\u00e4tzte Lesezeit\" \/>\n\t<meta name=\"twitter:data1\" content=\"1\u00a0Minute\" \/>\n<script type=\"application\/ld+json\" class=\"yoast-schema-graph\">{\"@context\":\"https:\\\/\\\/schema.org\",\"@graph\":[{\"@type\":\"WebPage\",\"@id\":\"https:\\\/\\\/notare-schaan.li\\\/index.php\\\/thomas-wiedl\\\/\",\"url\":\"https:\\\/\\\/notare-schaan.li\\\/index.php\\\/thomas-wiedl\\\/\",\"name\":\"Thomas Wiedl - Notare Schaan\",\"isPartOf\":{\"@id\":\"https:\\\/\\\/notare-schaan.li\\\/#website\"},\"primaryImageOfPage\":{\"@id\":\"https:\\\/\\\/notare-schaan.li\\\/index.php\\\/thomas-wiedl\\\/#primaryimage\"},\"image\":{\"@id\":\"https:\\\/\\\/notare-schaan.li\\\/index.php\\\/thomas-wiedl\\\/#primaryimage\"},\"thumbnailUrl\":\"https:\\\/\\\/notare-schaan.li\\\/wp-content\\\/uploads\\\/2025\\\/11\\\/IMG_3277-3.jpg\",\"datePublished\":\"2025-12-09T16:53:50+00:00\",\"dateModified\":\"2025-12-12T14:44:28+00:00\",\"breadcrumb\":{\"@id\":\"https:\\\/\\\/notare-schaan.li\\\/index.php\\\/thomas-wiedl\\\/#breadcrumb\"},\"inLanguage\":\"de\",\"potentialAction\":[{\"@type\":\"ReadAction\",\"target\":[\"https:\\\/\\\/notare-schaan.li\\\/index.php\\\/thomas-wiedl\\\/\"]}]},{\"@type\":\"ImageObject\",\"inLanguage\":\"de\",\"@id\":\"https:\\\/\\\/notare-schaan.li\\\/index.php\\\/thomas-wiedl\\\/#primaryimage\",\"url\":\"https:\\\/\\\/i0.wp.com\\\/notare-schaan.li\\\/wp-content\\\/uploads\\\/2025\\\/11\\\/IMG_3277-3.jpg?fit=849%2C1057&ssl=1\",\"contentUrl\":\"https:\\\/\\\/i0.wp.com\\\/notare-schaan.li\\\/wp-content\\\/uploads\\\/2025\\\/11\\\/IMG_3277-3.jpg?fit=849%2C1057&ssl=1\",\"width\":849,\"height\":1057},{\"@type\":\"BreadcrumbList\",\"@id\":\"https:\\\/\\\/notare-schaan.li\\\/index.php\\\/thomas-wiedl\\\/#breadcrumb\",\"itemListElement\":[{\"@type\":\"ListItem\",\"position\":1,\"name\":\"Startseite\",\"item\":\"https:\\\/\\\/notare-schaan.li\\\/\"},{\"@type\":\"ListItem\",\"position\":2,\"name\":\"Thomas Wiedl\"}]},{\"@type\":\"WebSite\",\"@id\":\"https:\\\/\\\/notare-schaan.li\\\/#website\",\"url\":\"https:\\\/\\\/notare-schaan.li\\\/\",\"name\":\"Notare Schaan\",\"description\":\"\",\"publisher\":{\"@id\":\"https:\\\/\\\/notare-schaan.li\\\/#organization\"},\"potentialAction\":[{\"@type\":\"SearchAction\",\"target\":{\"@type\":\"EntryPoint\",\"urlTemplate\":\"https:\\\/\\\/notare-schaan.li\\\/?s={search_term_string}\"},\"query-input\":{\"@type\":\"PropertyValueSpecification\",\"valueRequired\":true,\"valueName\":\"search_term_string\"}}],\"inLanguage\":\"de\"},{\"@type\":\"Organization\",\"@id\":\"https:\\\/\\\/notare-schaan.li\\\/#organization\",\"name\":\"Notare Schaan\",\"url\":\"https:\\\/\\\/notare-schaan.li\\\/\",\"logo\":{\"@type\":\"ImageObject\",\"inLanguage\":\"de\",\"@id\":\"https:\\\/\\\/notare-schaan.li\\\/#\\\/schema\\\/logo\\\/image\\\/\",\"url\":\"https:\\\/\\\/i0.wp.com\\\/notare-schaan.li\\\/wp-content\\\/uploads\\\/2025\\\/11\\\/image-removebg-preview.png?fit=938%2C266&ssl=1\",\"contentUrl\":\"https:\\\/\\\/i0.wp.com\\\/notare-schaan.li\\\/wp-content\\\/uploads\\\/2025\\\/11\\\/image-removebg-preview.png?fit=938%2C266&ssl=1\",\"width\":938,\"height\":266,\"caption\":\"Notare Schaan\"},\"image\":{\"@id\":\"https:\\\/\\\/notare-schaan.li\\\/#\\\/schema\\\/logo\\\/image\\\/\"}}]}<\/script>\n<!-- \/ Yoast SEO plugin. -->","yoast_head_json":{"title":"Thomas Wiedl - Notare Schaan","robots":{"index":"index","follow":"follow","max-snippet":"max-snippet:-1","max-image-preview":"max-image-preview:large","max-video-preview":"max-video-preview:-1"},"canonical":"https:\/\/notare-schaan.li\/index.php\/thomas-wiedl\/","og_locale":"de_DE","og_type":"article","og_title":"Thomas Wiedl - Notare Schaan","og_description":"THOMAS WIEDL DR. IUR. LL. M. \u00d6FFENTLICHER NOTAR thomas.wiedl@ospelt-law.li RECHTSANWALT \/ NOTAR \u00d6sterreich (2006) Liechtenstein (2010) \u00d6ffentlicher Notar in Liechtenstein (2021) T\u00c4TIGKEITSSCHWERPUNKTE Zivilrecht Arbeitsrecht Vertragsrecht Wirtschafts- und Handelsrecht Bank- und Kapitalmarktrecht Strafrecht Sportrecht AUSBILDUNG Universit\u00e4t Innsbruck, Mag. iur. (1999) Universit\u00e4t Innsbruck, Dr. iur. (2003) SPRACHEN Deutsch, Englisch,","og_url":"https:\/\/notare-schaan.li\/index.php\/thomas-wiedl\/","og_site_name":"Notare Schaan","article_modified_time":"2025-12-12T14:44:28+00:00","og_image":[{"url":"https:\/\/notare-schaan.li\/wp-content\/uploads\/2025\/11\/IMG_3277-3.jpg","type":"","width":"","height":""}],"twitter_card":"summary_large_image","twitter_misc":{"Gesch\u00e4tzte Lesezeit":"1\u00a0Minute"},"schema":{"@context":"https:\/\/schema.org","@graph":[{"@type":"WebPage","@id":"https:\/\/notare-schaan.li\/index.php\/thomas-wiedl\/","url":"https:\/\/notare-schaan.li\/index.php\/thomas-wiedl\/","name":"Thomas Wiedl - Notare Schaan","isPartOf":{"@id":"https:\/\/notare-schaan.li\/#website"},"primaryImageOfPage":{"@id":"https:\/\/notare-schaan.li\/index.php\/thomas-wiedl\/#primaryimage"},"image":{"@id":"https:\/\/notare-schaan.li\/index.php\/thomas-wiedl\/#primaryimage"},"thumbnailUrl":"https:\/\/notare-schaan.li\/wp-content\/uploads\/2025\/11\/IMG_3277-3.jpg","datePublished":"2025-12-09T16:53:50+00:00","dateModified":"2025-12-12T14:44:28+00:00","breadcrumb":{"@id":"https:\/\/notare-schaan.li\/index.php\/thomas-wiedl\/#breadcrumb"},"inLanguage":"de","potentialAction":[{"@type":"ReadAction","target":["https:\/\/notare-schaan.li\/index.php\/thomas-wiedl\/"]}]},{"@type":"ImageObject","inLanguage":"de","@id":"https:\/\/notare-schaan.li\/index.php\/thomas-wiedl\/#primaryimage","url":"https:\/\/i0.wp.com\/notare-schaan.li\/wp-content\/uploads\/2025\/11\/IMG_3277-3.jpg?fit=849%2C1057&ssl=1","contentUrl":"https:\/\/i0.wp.com\/notare-schaan.li\/wp-content\/uploads\/2025\/11\/IMG_3277-3.jpg?fit=849%2C1057&ssl=1","width":849,"height":1057},{"@type":"BreadcrumbList","@id":"https:\/\/notare-schaan.li\/index.php\/thomas-wiedl\/#breadcrumb","itemListElement":[{"@type":"ListItem","position":1,"name":"Startseite","item":"https:\/\/notare-schaan.li\/"},{"@type":"ListItem","position":2,"name":"Thomas Wiedl"}]},{"@type":"WebSite","@id":"https:\/\/notare-schaan.li\/#website","url":"https:\/\/notare-schaan.li\/","name":"Notare Schaan","description":"","publisher":{"@id":"https:\/\/notare-schaan.li\/#organization"},"potentialAction":[{"@type":"SearchAction","target":{"@type":"EntryPoint","urlTemplate":"https:\/\/notare-schaan.li\/?s={search_term_string}"},"query-input":{"@type":"PropertyValueSpecification","valueRequired":true,"valueName":"search_term_string"}}],"inLanguage":"de"},{"@type":"Organization","@id":"https:\/\/notare-schaan.li\/#organization","name":"Notare Schaan","url":"https:\/\/notare-schaan.li\/","logo":{"@type":"ImageObject","inLanguage":"de","@id":"https:\/\/notare-schaan.li\/#\/schema\/logo\/image\/","url":"https:\/\/i0.wp.com\/notare-schaan.li\/wp-content\/uploads\/2025\/11\/image-removebg-preview.png?fit=938%2C266&ssl=1","contentUrl":"https:\/\/i0.wp.com\/notare-schaan.li\/wp-content\/uploads\/2025\/11\/image-removebg-preview.png?fit=938%2C266&ssl=1","width":938,"height":266,"caption":"Notare Schaan"},"image":{"@id":"https:\/\/notare-schaan.li\/#\/schema\/logo\/image\/"}}]}},"_links":{"self":[{"href":"https:\/\/notare-schaan.li\/index.php\/wp-json\/wp\/v2\/pages\/709","targetHints":{"allow":["GET"]}}],"collection":[{"href":"https:\/\/notare-schaan.li\/index.php\/wp-json\/wp\/v2\/pages"}],"about":[{"href":"https:\/\/notare-schaan.li\/index.php\/wp-json\/wp\/v2\/types\/page"}],"author":[{"embeddable":true,"href":"https:\/\/notare-schaan.li\/index.php\/wp-json\/wp\/v2\/users\/2"}],"replies":[{"embeddable":true,"href":"https:\/\/notare-schaan.li\/index.php\/wp-json\/wp\/v2\/comments?post=709"}],"version-history":[{"count":12,"href":"https:\/\/notare-schaan.li\/index.php\/wp-json\/wp\/v2\/pages\/709\/revisions"}],"predecessor-version":[{"id":986,"href":"https:\/\/notare-schaan.li\/index.php\/wp-json\/wp\/v2\/pages\/709\/revisions\/986"}],"wp:attachment":[{"href":"https:\/\/notare-schaan.li\/index.php\/wp-json\/wp\/v2\/media?parent=709"}],"curies":[{"name":"wp","href":"https:\/\/api.w.org\/{rel}","templated":true}]}}