{"id":423,"date":"2025-11-20T16:44:54","date_gmt":"2025-11-20T16:44:54","guid":{"rendered":"https:\/\/notare-schaan.li\/?page_id=423"},"modified":"2025-12-11T14:54:15","modified_gmt":"2025-12-11T14:54:15","slug":"lukas-gilhofer","status":"publish","type":"page","link":"https:\/\/notare-schaan.li\/index.php\/lukas-gilhofer\/","title":{"rendered":"Lukas Gilhofer"},"content":{"rendered":"\t\t<div data-elementor-type=\"wp-page\" data-elementor-id=\"423\" class=\"elementor elementor-423\" data-elementor-post-type=\"page\">\n\t\t\t\t<div class=\"elementor-element elementor-element-83edee1 e-con-full e-flex e-con e-parent\" data-id=\"83edee1\" data-element_type=\"container\" data-e-type=\"container\">\n\t\t<div class=\"elementor-element elementor-element-f5f5ecb e-con-full e-flex e-con e-child\" data-id=\"f5f5ecb\" data-element_type=\"container\" data-e-type=\"container\">\n\t\t\t\t<div class=\"elementor-element elementor-element-4ae355f elementor-widget elementor-widget-heading\" data-id=\"4ae355f\" data-element_type=\"widget\" data-e-type=\"widget\" data-widget_type=\"heading.default\">\n\t\t\t\t\t<h2 class=\"elementor-heading-title elementor-size-default\">LUKAS-FLORIAN GILHOFER<\/h2>\t\t\t\t<\/div>\n\t\t\t\t<div class=\"elementor-element elementor-element-a60aefd elementor-widget-divider--view-line elementor-widget elementor-widget-divider\" data-id=\"a60aefd\" data-element_type=\"widget\" data-e-type=\"widget\" data-widget_type=\"divider.default\">\n\t\t\t\t\t\t\t<div class=\"elementor-divider\">\n\t\t\t<span class=\"elementor-divider-separator\">\n\t\t\t\t\t\t<\/span>\n\t\t<\/div>\n\t\t\t\t\t\t<\/div>\n\t\t\t\t<\/div>\n\t\t<div class=\"elementor-element elementor-element-c3862bc e-con-full e-flex e-con e-child\" data-id=\"c3862bc\" data-element_type=\"container\" data-e-type=\"container\">\n\t\t<div class=\"elementor-element elementor-element-a46c10d e-con-full e-flex e-con e-child\" data-id=\"a46c10d\" data-element_type=\"container\" data-e-type=\"container\" data-settings=\"{&quot;background_background&quot;:&quot;classic&quot;}\">\n\t\t\t\t<div class=\"elementor-element elementor-element-11a9372 elementor-widget elementor-widget-image\" data-id=\"11a9372\" data-element_type=\"widget\" data-e-type=\"widget\" data-widget_type=\"image.default\">\n\t\t\t\t\t\t\t\t\t\t\t\t\t\t\t<img loading=\"lazy\" decoding=\"async\" width=\"513\" height=\"639\" src=\"https:\/\/i0.wp.com\/notare-schaan.li\/wp-content\/uploads\/2025\/11\/LF_Gillhofer_8487sw-web.jpg?fit=513%2C639&amp;ssl=1\" class=\"attachment-2048x2048 size-2048x2048 wp-image-38\" alt=\"\" srcset=\"https:\/\/i0.wp.com\/notare-schaan.li\/wp-content\/uploads\/2025\/11\/LF_Gillhofer_8487sw-web.jpg?w=513&amp;ssl=1 513w, https:\/\/i0.wp.com\/notare-schaan.li\/wp-content\/uploads\/2025\/11\/LF_Gillhofer_8487sw-web.jpg?resize=241%2C300&amp;ssl=1 241w\" sizes=\"auto, (max-width: 513px) 100vw, 513px\" \/>\t\t\t\t\t\t\t\t\t\t\t\t\t\t\t<\/div>\n\t\t\t\t<div class=\"elementor-element elementor-element-a8cf9de elementor-widget elementor-widget-text-editor\" data-id=\"a8cf9de\" data-element_type=\"widget\" data-e-type=\"widget\" data-widget_type=\"text-editor.default\">\n\t\t\t\t\t\t\t\t\t<p>MMAG. DR. IUR.<\/p><p>\u00d6FFENTLICHER NOTAR<\/p><p><a href=\"mailto:lukas.gilhofer@ospelt-law.li\">lukas.gilhofer@ospelt-law.li<\/a><\/p>\t\t\t\t\t\t\t\t<\/div>\n\t\t\t\t<\/div>\n\t\t<div class=\"elementor-element elementor-element-61c011b e-con-full e-flex e-con e-child\" data-id=\"61c011b\" data-element_type=\"container\" data-e-type=\"container\">\n\t\t\t\t<div class=\"elementor-element elementor-element-ddd3030 elementor-widget elementor-widget-text-editor\" data-id=\"ddd3030\" data-element_type=\"widget\" data-e-type=\"widget\" data-widget_type=\"text-editor.default\">\n\t\t\t\t\t\t\t\t\t<p>RECHTSANWALT \/ NOTAR<\/p>\t\t\t\t\t\t\t\t<\/div>\n\t\t\t\t<div class=\"elementor-element elementor-element-efe8937 elementor-icon-list--layout-traditional elementor-list-item-link-full_width elementor-widget elementor-widget-icon-list\" data-id=\"efe8937\" data-element_type=\"widget\" data-e-type=\"widget\" data-widget_type=\"icon-list.default\">\n\t\t\t\t\t\t\t<ul class=\"elementor-icon-list-items\">\n\t\t\t\t\t\t\t<li class=\"elementor-icon-list-item\">\n\t\t\t\t\t\t\t\t\t\t\t<span class=\"elementor-icon-list-icon\">\n\t\t\t\t\t\t\t<svg aria-hidden=\"true\" class=\"e-font-icon-svg e-fas-minus\" viewBox=\"0 0 448 512\" xmlns=\"http:\/\/www.w3.org\/2000\/svg\"><path d=\"M416 208H32c-17.67 0-32 14.33-32 32v32c0 17.67 14.33 32 32 32h384c17.67 0 32-14.33 32-32v-32c0-17.67-14.33-32-32-32z\"><\/path><\/svg>\t\t\t\t\t\t<\/span>\n\t\t\t\t\t\t\t\t\t\t<span class=\"elementor-icon-list-text\">\u00d6sterreich (2018)<\/span>\n\t\t\t\t\t\t\t\t\t<\/li>\n\t\t\t\t\t\t\t\t<li class=\"elementor-icon-list-item\">\n\t\t\t\t\t\t\t\t\t\t\t<span class=\"elementor-icon-list-icon\">\n\t\t\t\t\t\t\t<svg aria-hidden=\"true\" class=\"e-font-icon-svg e-fas-minus\" viewBox=\"0 0 448 512\" xmlns=\"http:\/\/www.w3.org\/2000\/svg\"><path d=\"M416 208H32c-17.67 0-32 14.33-32 32v32c0 17.67 14.33 32 32 32h384c17.67 0 32-14.33 32-32v-32c0-17.67-14.33-32-32-32z\"><\/path><\/svg>\t\t\t\t\t\t<\/span>\n\t\t\t\t\t\t\t\t\t\t<span class=\"elementor-icon-list-text\">Liechtenstein (2021)<\/span>\n\t\t\t\t\t\t\t\t\t<\/li>\n\t\t\t\t\t\t\t\t<li class=\"elementor-icon-list-item\">\n\t\t\t\t\t\t\t\t\t\t\t<span class=\"elementor-icon-list-icon\">\n\t\t\t\t\t\t\t<svg aria-hidden=\"true\" class=\"e-font-icon-svg e-fas-minus\" viewBox=\"0 0 448 512\" xmlns=\"http:\/\/www.w3.org\/2000\/svg\"><path d=\"M416 208H32c-17.67 0-32 14.33-32 32v32c0 17.67 14.33 32 32 32h384c17.67 0 32-14.33 32-32v-32c0-17.67-14.33-32-32-32z\"><\/path><\/svg>\t\t\t\t\t\t<\/span>\n\t\t\t\t\t\t\t\t\t\t<span class=\"elementor-icon-list-text\">\u00d6ffentlicher Notar in Liechtenstein (2023)<\/span>\n\t\t\t\t\t\t\t\t\t<\/li>\n\t\t\t\t\t\t<\/ul>\n\t\t\t\t\t\t<\/div>\n\t\t\t\t<div class=\"elementor-element elementor-element-2f36d7d elementor-widget elementor-widget-text-editor\" data-id=\"2f36d7d\" data-element_type=\"widget\" data-e-type=\"widget\" data-widget_type=\"text-editor.default\">\n\t\t\t\t\t\t\t\t\t<p>T\u00c4TIGKEITSSCHWERPUNKTE<\/p>\t\t\t\t\t\t\t\t<\/div>\n\t\t\t\t<div class=\"elementor-element elementor-element-df68d96 elementor-icon-list--layout-traditional elementor-list-item-link-full_width elementor-widget elementor-widget-icon-list\" data-id=\"df68d96\" data-element_type=\"widget\" data-e-type=\"widget\" data-widget_type=\"icon-list.default\">\n\t\t\t\t\t\t\t<ul class=\"elementor-icon-list-items\">\n\t\t\t\t\t\t\t<li class=\"elementor-icon-list-item\">\n\t\t\t\t\t\t\t\t\t\t\t<span class=\"elementor-icon-list-icon\">\n\t\t\t\t\t\t\t<svg aria-hidden=\"true\" class=\"e-font-icon-svg e-fas-minus\" viewBox=\"0 0 448 512\" xmlns=\"http:\/\/www.w3.org\/2000\/svg\"><path d=\"M416 208H32c-17.67 0-32 14.33-32 32v32c0 17.67 14.33 32 32 32h384c17.67 0 32-14.33 32-32v-32c0-17.67-14.33-32-32-32z\"><\/path><\/svg>\t\t\t\t\t\t<\/span>\n\t\t\t\t\t\t\t\t\t\t<span class=\"elementor-icon-list-text\">Gesellschaftsrecht<\/span>\n\t\t\t\t\t\t\t\t\t<\/li>\n\t\t\t\t\t\t\t\t<li class=\"elementor-icon-list-item\">\n\t\t\t\t\t\t\t\t\t\t\t<span class=\"elementor-icon-list-icon\">\n\t\t\t\t\t\t\t<svg aria-hidden=\"true\" class=\"e-font-icon-svg e-fas-minus\" viewBox=\"0 0 448 512\" xmlns=\"http:\/\/www.w3.org\/2000\/svg\"><path d=\"M416 208H32c-17.67 0-32 14.33-32 32v32c0 17.67 14.33 32 32 32h384c17.67 0 32-14.33 32-32v-32c0-17.67-14.33-32-32-32z\"><\/path><\/svg>\t\t\t\t\t\t<\/span>\n\t\t\t\t\t\t\t\t\t\t<span class=\"elementor-icon-list-text\">Asset Protection<\/span>\n\t\t\t\t\t\t\t\t\t<\/li>\n\t\t\t\t\t\t\t\t<li class=\"elementor-icon-list-item\">\n\t\t\t\t\t\t\t\t\t\t\t<span class=\"elementor-icon-list-icon\">\n\t\t\t\t\t\t\t<svg aria-hidden=\"true\" class=\"e-font-icon-svg e-fas-minus\" viewBox=\"0 0 448 512\" xmlns=\"http:\/\/www.w3.org\/2000\/svg\"><path d=\"M416 208H32c-17.67 0-32 14.33-32 32v32c0 17.67 14.33 32 32 32h384c17.67 0 32-14.33 32-32v-32c0-17.67-14.33-32-32-32z\"><\/path><\/svg>\t\t\t\t\t\t<\/span>\n\t\t\t\t\t\t\t\t\t\t<span class=\"elementor-icon-list-text\">Asset Recovery<\/span>\n\t\t\t\t\t\t\t\t\t<\/li>\n\t\t\t\t\t\t\t\t<li class=\"elementor-icon-list-item\">\n\t\t\t\t\t\t\t\t\t\t\t<span class=\"elementor-icon-list-icon\">\n\t\t\t\t\t\t\t<svg aria-hidden=\"true\" class=\"e-font-icon-svg e-fas-minus\" viewBox=\"0 0 448 512\" xmlns=\"http:\/\/www.w3.org\/2000\/svg\"><path d=\"M416 208H32c-17.67 0-32 14.33-32 32v32c0 17.67 14.33 32 32 32h384c17.67 0 32-14.33 32-32v-32c0-17.67-14.33-32-32-32z\"><\/path><\/svg>\t\t\t\t\t\t<\/span>\n\t\t\t\t\t\t\t\t\t\t<span class=\"elementor-icon-list-text\">Wirtschaftsrecht<\/span>\n\t\t\t\t\t\t\t\t\t<\/li>\n\t\t\t\t\t\t<\/ul>\n\t\t\t\t\t\t<\/div>\n\t\t\t\t<\/div>\n\t\t<div class=\"elementor-element elementor-element-07742f2 e-con-full e-flex e-con e-child\" data-id=\"07742f2\" data-element_type=\"container\" data-e-type=\"container\">\n\t\t\t\t<div class=\"elementor-element elementor-element-fb6d3b6 elementor-widget elementor-widget-text-editor\" data-id=\"fb6d3b6\" data-element_type=\"widget\" data-e-type=\"widget\" data-widget_type=\"text-editor.default\">\n\t\t\t\t\t\t\t\t\t<p>AUSBILDUNG<\/p>\t\t\t\t\t\t\t\t<\/div>\n\t\t\t\t<div class=\"elementor-element elementor-element-4218057 elementor-icon-list--layout-traditional elementor-list-item-link-full_width elementor-widget elementor-widget-icon-list\" data-id=\"4218057\" data-element_type=\"widget\" data-e-type=\"widget\" data-widget_type=\"icon-list.default\">\n\t\t\t\t\t\t\t<ul class=\"elementor-icon-list-items\">\n\t\t\t\t\t\t\t<li class=\"elementor-icon-list-item\">\n\t\t\t\t\t\t\t\t\t\t\t<span class=\"elementor-icon-list-icon\">\n\t\t\t\t\t\t\t<svg aria-hidden=\"true\" class=\"e-font-icon-svg e-fas-minus\" viewBox=\"0 0 448 512\" xmlns=\"http:\/\/www.w3.org\/2000\/svg\"><path d=\"M416 208H32c-17.67 0-32 14.33-32 32v32c0 17.67 14.33 32 32 32h384c17.67 0 32-14.33 32-32v-32c0-17.67-14.33-32-32-32z\"><\/path><\/svg>\t\t\t\t\t\t<\/span>\n\t\t\t\t\t\t\t\t\t\t<span class=\"elementor-icon-list-text\">Universit\u00e4t Innsbruck, Mag. iur. (2012)<\/span>\n\t\t\t\t\t\t\t\t\t<\/li>\n\t\t\t\t\t\t\t\t<li class=\"elementor-icon-list-item\">\n\t\t\t\t\t\t\t\t\t\t\t<span class=\"elementor-icon-list-icon\">\n\t\t\t\t\t\t\t<svg aria-hidden=\"true\" class=\"e-font-icon-svg e-fas-minus\" viewBox=\"0 0 448 512\" xmlns=\"http:\/\/www.w3.org\/2000\/svg\"><path d=\"M416 208H32c-17.67 0-32 14.33-32 32v32c0 17.67 14.33 32 32 32h384c17.67 0 32-14.33 32-32v-32c0-17.67-14.33-32-32-32z\"><\/path><\/svg>\t\t\t\t\t\t<\/span>\n\t\t\t\t\t\t\t\t\t\t<span class=\"elementor-icon-list-text\">Universit\u00e4t Innsbruck, Mag.rec.soc.oec. (2013)<\/span>\n\t\t\t\t\t\t\t\t\t<\/li>\n\t\t\t\t\t\t\t\t<li class=\"elementor-icon-list-item\">\n\t\t\t\t\t\t\t\t\t\t\t<span class=\"elementor-icon-list-icon\">\n\t\t\t\t\t\t\t<svg aria-hidden=\"true\" class=\"e-font-icon-svg e-fas-minus\" viewBox=\"0 0 448 512\" xmlns=\"http:\/\/www.w3.org\/2000\/svg\"><path d=\"M416 208H32c-17.67 0-32 14.33-32 32v32c0 17.67 14.33 32 32 32h384c17.67 0 32-14.33 32-32v-32c0-17.67-14.33-32-32-32z\"><\/path><\/svg>\t\t\t\t\t\t<\/span>\n\t\t\t\t\t\t\t\t\t\t<span class=\"elementor-icon-list-text\">Universit\u00e4t Innsbruck, Dr. iur. (2015)<\/span>\n\t\t\t\t\t\t\t\t\t<\/li>\n\t\t\t\t\t\t\t\t<li class=\"elementor-icon-list-item\">\n\t\t\t\t\t\t\t\t\t\t\t<span class=\"elementor-icon-list-icon\">\n\t\t\t\t\t\t\t<svg aria-hidden=\"true\" class=\"e-font-icon-svg e-fas-minus\" viewBox=\"0 0 448 512\" xmlns=\"http:\/\/www.w3.org\/2000\/svg\"><path d=\"M416 208H32c-17.67 0-32 14.33-32 32v32c0 17.67 14.33 32 32 32h384c17.67 0 32-14.33 32-32v-32c0-17.67-14.33-32-32-32z\"><\/path><\/svg>\t\t\t\t\t\t<\/span>\n\t\t\t\t\t\t\t\t\t\t<span class=\"elementor-icon-list-text\">Fortbildung Immobilientreuh\u00e4nder und Immobilienmakler (2018)<\/span>\n\t\t\t\t\t\t\t\t\t<\/li>\n\t\t\t\t\t\t<\/ul>\n\t\t\t\t\t\t<\/div>\n\t\t\t\t<div class=\"elementor-element elementor-element-d94b572 elementor-widget elementor-widget-text-editor\" data-id=\"d94b572\" data-element_type=\"widget\" data-e-type=\"widget\" data-widget_type=\"text-editor.default\">\n\t\t\t\t\t\t\t\t\t<p>SPRACHEN<\/p>\t\t\t\t\t\t\t\t<\/div>\n\t\t\t\t<div class=\"elementor-element elementor-element-87b3750 elementor-icon-list--layout-traditional elementor-list-item-link-full_width elementor-widget elementor-widget-icon-list\" data-id=\"87b3750\" data-element_type=\"widget\" data-e-type=\"widget\" data-widget_type=\"icon-list.default\">\n\t\t\t\t\t\t\t<ul class=\"elementor-icon-list-items\">\n\t\t\t\t\t\t\t<li class=\"elementor-icon-list-item\">\n\t\t\t\t\t\t\t\t\t\t\t<span class=\"elementor-icon-list-icon\">\n\t\t\t\t\t\t\t<svg aria-hidden=\"true\" class=\"e-font-icon-svg e-fas-minus\" viewBox=\"0 0 448 512\" xmlns=\"http:\/\/www.w3.org\/2000\/svg\"><path d=\"M416 208H32c-17.67 0-32 14.33-32 32v32c0 17.67 14.33 32 32 32h384c17.67 0 32-14.33 32-32v-32c0-17.67-14.33-32-32-32z\"><\/path><\/svg>\t\t\t\t\t\t<\/span>\n\t\t\t\t\t\t\t\t\t\t<span class=\"elementor-icon-list-text\">Deutsch, Englisch, Spanisch, Franz\u00f6sisch<\/span>\n\t\t\t\t\t\t\t\t\t<\/li>\n\t\t\t\t\t\t<\/ul>\n\t\t\t\t\t\t<\/div>\n\t\t\t\t<\/div>\n\t\t\t\t<\/div>\n\t\t\t\t<\/div>\n\t\t\t\t<\/div>\n\t\t","protected":false},"excerpt":{"rendered":"<p>LUKAS-FLORIAN GILHOFER MMAG. DR. IUR. \u00d6FFENTLICHER NOTAR lukas.gilhofer@ospelt-law.li RECHTSANWALT \/ NOTAR \u00d6sterreich (2018) Liechtenstein (2021) \u00d6ffentlicher Notar in Liechtenstein (2023) T\u00c4TIGKEITSSCHWERPUNKTE Gesellschaftsrecht Asset Protection Asset Recovery Wirtschaftsrecht AUSBILDUNG Universit\u00e4t Innsbruck, Mag. iur. (2012) Universit\u00e4t Innsbruck, Mag.rec.soc.oec. (2013) Universit\u00e4t Innsbruck, Dr. iur. (2015) Fortbildung Immobilientreuh\u00e4nder und Immobilienmakler (2018) SPRACHEN Deutsch, Englisch, Spanisch, Franz\u00f6sisch<\/p>\n","protected":false},"author":2,"featured_media":0,"parent":0,"menu_order":0,"comment_status":"closed","ping_status":"closed","template":"","meta":{"footnotes":""},"class_list":["post-423","page","type-page","status-publish","hentry"],"yoast_head":"<!-- This site is optimized with the Yoast SEO plugin v27.4 - https:\/\/yoast.com\/product\/yoast-seo-wordpress\/ -->\n<title>Lukas Gilhofer - Notare Schaan<\/title>\n<meta name=\"robots\" content=\"index, follow, max-snippet:-1, max-image-preview:large, max-video-preview:-1\" \/>\n<link rel=\"canonical\" href=\"https:\/\/notare-schaan.li\/index.php\/lukas-gilhofer\/\" \/>\n<meta property=\"og:locale\" content=\"de_DE\" \/>\n<meta property=\"og:type\" content=\"article\" \/>\n<meta property=\"og:title\" content=\"Lukas Gilhofer - Notare Schaan\" \/>\n<meta property=\"og:description\" content=\"LUKAS-FLORIAN GILHOFER MMAG. DR. IUR. \u00d6FFENTLICHER NOTAR lukas.gilhofer@ospelt-law.li RECHTSANWALT \/ NOTAR \u00d6sterreich (2018) Liechtenstein (2021) \u00d6ffentlicher Notar in Liechtenstein (2023) T\u00c4TIGKEITSSCHWERPUNKTE Gesellschaftsrecht Asset Protection Asset Recovery Wirtschaftsrecht AUSBILDUNG Universit\u00e4t Innsbruck, Mag. iur. (2012) Universit\u00e4t Innsbruck, Mag.rec.soc.oec. (2013) Universit\u00e4t Innsbruck, Dr. iur. (2015) Fortbildung Immobilientreuh\u00e4nder und Immobilienmakler (2018) SPRACHEN Deutsch, Englisch, Spanisch, Franz\u00f6sisch\" \/>\n<meta property=\"og:url\" content=\"https:\/\/notare-schaan.li\/index.php\/lukas-gilhofer\/\" \/>\n<meta property=\"og:site_name\" content=\"Notare Schaan\" \/>\n<meta property=\"article:modified_time\" content=\"2025-12-11T14:54:15+00:00\" \/>\n<meta property=\"og:image\" content=\"https:\/\/notare-schaan.li\/wp-content\/uploads\/2025\/11\/LF_Gillhofer_8487sw-web.jpg\" \/>\n<meta name=\"twitter:card\" content=\"summary_large_image\" \/>\n<meta name=\"twitter:label1\" content=\"Gesch\u00e4tzte Lesezeit\" \/>\n\t<meta name=\"twitter:data1\" content=\"1\u00a0Minute\" \/>\n<script type=\"application\/ld+json\" class=\"yoast-schema-graph\">{\"@context\":\"https:\\\/\\\/schema.org\",\"@graph\":[{\"@type\":\"WebPage\",\"@id\":\"https:\\\/\\\/notare-schaan.li\\\/index.php\\\/lukas-gilhofer\\\/\",\"url\":\"https:\\\/\\\/notare-schaan.li\\\/index.php\\\/lukas-gilhofer\\\/\",\"name\":\"Lukas Gilhofer - Notare Schaan\",\"isPartOf\":{\"@id\":\"https:\\\/\\\/notare-schaan.li\\\/#website\"},\"primaryImageOfPage\":{\"@id\":\"https:\\\/\\\/notare-schaan.li\\\/index.php\\\/lukas-gilhofer\\\/#primaryimage\"},\"image\":{\"@id\":\"https:\\\/\\\/notare-schaan.li\\\/index.php\\\/lukas-gilhofer\\\/#primaryimage\"},\"thumbnailUrl\":\"https:\\\/\\\/notare-schaan.li\\\/wp-content\\\/uploads\\\/2025\\\/11\\\/LF_Gillhofer_8487sw-web.jpg\",\"datePublished\":\"2025-11-20T16:44:54+00:00\",\"dateModified\":\"2025-12-11T14:54:15+00:00\",\"breadcrumb\":{\"@id\":\"https:\\\/\\\/notare-schaan.li\\\/index.php\\\/lukas-gilhofer\\\/#breadcrumb\"},\"inLanguage\":\"de\",\"potentialAction\":[{\"@type\":\"ReadAction\",\"target\":[\"https:\\\/\\\/notare-schaan.li\\\/index.php\\\/lukas-gilhofer\\\/\"]}]},{\"@type\":\"ImageObject\",\"inLanguage\":\"de\",\"@id\":\"https:\\\/\\\/notare-schaan.li\\\/index.php\\\/lukas-gilhofer\\\/#primaryimage\",\"url\":\"https:\\\/\\\/i0.wp.com\\\/notare-schaan.li\\\/wp-content\\\/uploads\\\/2025\\\/11\\\/LF_Gillhofer_8487sw-web.jpg?fit=513%2C639&ssl=1\",\"contentUrl\":\"https:\\\/\\\/i0.wp.com\\\/notare-schaan.li\\\/wp-content\\\/uploads\\\/2025\\\/11\\\/LF_Gillhofer_8487sw-web.jpg?fit=513%2C639&ssl=1\",\"width\":513,\"height\":639},{\"@type\":\"BreadcrumbList\",\"@id\":\"https:\\\/\\\/notare-schaan.li\\\/index.php\\\/lukas-gilhofer\\\/#breadcrumb\",\"itemListElement\":[{\"@type\":\"ListItem\",\"position\":1,\"name\":\"Startseite\",\"item\":\"https:\\\/\\\/notare-schaan.li\\\/\"},{\"@type\":\"ListItem\",\"position\":2,\"name\":\"Lukas Gilhofer\"}]},{\"@type\":\"WebSite\",\"@id\":\"https:\\\/\\\/notare-schaan.li\\\/#website\",\"url\":\"https:\\\/\\\/notare-schaan.li\\\/\",\"name\":\"Notare Schaan\",\"description\":\"\",\"publisher\":{\"@id\":\"https:\\\/\\\/notare-schaan.li\\\/#organization\"},\"potentialAction\":[{\"@type\":\"SearchAction\",\"target\":{\"@type\":\"EntryPoint\",\"urlTemplate\":\"https:\\\/\\\/notare-schaan.li\\\/?s={search_term_string}\"},\"query-input\":{\"@type\":\"PropertyValueSpecification\",\"valueRequired\":true,\"valueName\":\"search_term_string\"}}],\"inLanguage\":\"de\"},{\"@type\":\"Organization\",\"@id\":\"https:\\\/\\\/notare-schaan.li\\\/#organization\",\"name\":\"Notare Schaan\",\"url\":\"https:\\\/\\\/notare-schaan.li\\\/\",\"logo\":{\"@type\":\"ImageObject\",\"inLanguage\":\"de\",\"@id\":\"https:\\\/\\\/notare-schaan.li\\\/#\\\/schema\\\/logo\\\/image\\\/\",\"url\":\"https:\\\/\\\/i0.wp.com\\\/notare-schaan.li\\\/wp-content\\\/uploads\\\/2025\\\/11\\\/image-removebg-preview.png?fit=938%2C266&ssl=1\",\"contentUrl\":\"https:\\\/\\\/i0.wp.com\\\/notare-schaan.li\\\/wp-content\\\/uploads\\\/2025\\\/11\\\/image-removebg-preview.png?fit=938%2C266&ssl=1\",\"width\":938,\"height\":266,\"caption\":\"Notare Schaan\"},\"image\":{\"@id\":\"https:\\\/\\\/notare-schaan.li\\\/#\\\/schema\\\/logo\\\/image\\\/\"}}]}<\/script>\n<!-- \/ Yoast SEO plugin. -->","yoast_head_json":{"title":"Lukas Gilhofer - Notare Schaan","robots":{"index":"index","follow":"follow","max-snippet":"max-snippet:-1","max-image-preview":"max-image-preview:large","max-video-preview":"max-video-preview:-1"},"canonical":"https:\/\/notare-schaan.li\/index.php\/lukas-gilhofer\/","og_locale":"de_DE","og_type":"article","og_title":"Lukas Gilhofer - Notare Schaan","og_description":"LUKAS-FLORIAN GILHOFER MMAG. DR. IUR. \u00d6FFENTLICHER NOTAR lukas.gilhofer@ospelt-law.li RECHTSANWALT \/ NOTAR \u00d6sterreich (2018) Liechtenstein (2021) \u00d6ffentlicher Notar in Liechtenstein (2023) T\u00c4TIGKEITSSCHWERPUNKTE Gesellschaftsrecht Asset Protection Asset Recovery Wirtschaftsrecht AUSBILDUNG Universit\u00e4t Innsbruck, Mag. iur. (2012) Universit\u00e4t Innsbruck, Mag.rec.soc.oec. (2013) Universit\u00e4t Innsbruck, Dr. iur. (2015) Fortbildung Immobilientreuh\u00e4nder und Immobilienmakler (2018) SPRACHEN Deutsch, Englisch, Spanisch, Franz\u00f6sisch","og_url":"https:\/\/notare-schaan.li\/index.php\/lukas-gilhofer\/","og_site_name":"Notare Schaan","article_modified_time":"2025-12-11T14:54:15+00:00","og_image":[{"url":"https:\/\/notare-schaan.li\/wp-content\/uploads\/2025\/11\/LF_Gillhofer_8487sw-web.jpg","type":"","width":"","height":""}],"twitter_card":"summary_large_image","twitter_misc":{"Gesch\u00e4tzte Lesezeit":"1\u00a0Minute"},"schema":{"@context":"https:\/\/schema.org","@graph":[{"@type":"WebPage","@id":"https:\/\/notare-schaan.li\/index.php\/lukas-gilhofer\/","url":"https:\/\/notare-schaan.li\/index.php\/lukas-gilhofer\/","name":"Lukas Gilhofer - Notare Schaan","isPartOf":{"@id":"https:\/\/notare-schaan.li\/#website"},"primaryImageOfPage":{"@id":"https:\/\/notare-schaan.li\/index.php\/lukas-gilhofer\/#primaryimage"},"image":{"@id":"https:\/\/notare-schaan.li\/index.php\/lukas-gilhofer\/#primaryimage"},"thumbnailUrl":"https:\/\/notare-schaan.li\/wp-content\/uploads\/2025\/11\/LF_Gillhofer_8487sw-web.jpg","datePublished":"2025-11-20T16:44:54+00:00","dateModified":"2025-12-11T14:54:15+00:00","breadcrumb":{"@id":"https:\/\/notare-schaan.li\/index.php\/lukas-gilhofer\/#breadcrumb"},"inLanguage":"de","potentialAction":[{"@type":"ReadAction","target":["https:\/\/notare-schaan.li\/index.php\/lukas-gilhofer\/"]}]},{"@type":"ImageObject","inLanguage":"de","@id":"https:\/\/notare-schaan.li\/index.php\/lukas-gilhofer\/#primaryimage","url":"https:\/\/i0.wp.com\/notare-schaan.li\/wp-content\/uploads\/2025\/11\/LF_Gillhofer_8487sw-web.jpg?fit=513%2C639&ssl=1","contentUrl":"https:\/\/i0.wp.com\/notare-schaan.li\/wp-content\/uploads\/2025\/11\/LF_Gillhofer_8487sw-web.jpg?fit=513%2C639&ssl=1","width":513,"height":639},{"@type":"BreadcrumbList","@id":"https:\/\/notare-schaan.li\/index.php\/lukas-gilhofer\/#breadcrumb","itemListElement":[{"@type":"ListItem","position":1,"name":"Startseite","item":"https:\/\/notare-schaan.li\/"},{"@type":"ListItem","position":2,"name":"Lukas Gilhofer"}]},{"@type":"WebSite","@id":"https:\/\/notare-schaan.li\/#website","url":"https:\/\/notare-schaan.li\/","name":"Notare Schaan","description":"","publisher":{"@id":"https:\/\/notare-schaan.li\/#organization"},"potentialAction":[{"@type":"SearchAction","target":{"@type":"EntryPoint","urlTemplate":"https:\/\/notare-schaan.li\/?s={search_term_string}"},"query-input":{"@type":"PropertyValueSpecification","valueRequired":true,"valueName":"search_term_string"}}],"inLanguage":"de"},{"@type":"Organization","@id":"https:\/\/notare-schaan.li\/#organization","name":"Notare Schaan","url":"https:\/\/notare-schaan.li\/","logo":{"@type":"ImageObject","inLanguage":"de","@id":"https:\/\/notare-schaan.li\/#\/schema\/logo\/image\/","url":"https:\/\/i0.wp.com\/notare-schaan.li\/wp-content\/uploads\/2025\/11\/image-removebg-preview.png?fit=938%2C266&ssl=1","contentUrl":"https:\/\/i0.wp.com\/notare-schaan.li\/wp-content\/uploads\/2025\/11\/image-removebg-preview.png?fit=938%2C266&ssl=1","width":938,"height":266,"caption":"Notare Schaan"},"image":{"@id":"https:\/\/notare-schaan.li\/#\/schema\/logo\/image\/"}}]}},"_links":{"self":[{"href":"https:\/\/notare-schaan.li\/index.php\/wp-json\/wp\/v2\/pages\/423","targetHints":{"allow":["GET"]}}],"collection":[{"href":"https:\/\/notare-schaan.li\/index.php\/wp-json\/wp\/v2\/pages"}],"about":[{"href":"https:\/\/notare-schaan.li\/index.php\/wp-json\/wp\/v2\/types\/page"}],"author":[{"embeddable":true,"href":"https:\/\/notare-schaan.li\/index.php\/wp-json\/wp\/v2\/users\/2"}],"replies":[{"embeddable":true,"href":"https:\/\/notare-schaan.li\/index.php\/wp-json\/wp\/v2\/comments?post=423"}],"version-history":[{"count":3,"href":"https:\/\/notare-schaan.li\/index.php\/wp-json\/wp\/v2\/pages\/423\/revisions"}],"predecessor-version":[{"id":841,"href":"https:\/\/notare-schaan.li\/index.php\/wp-json\/wp\/v2\/pages\/423\/revisions\/841"}],"wp:attachment":[{"href":"https:\/\/notare-schaan.li\/index.php\/wp-json\/wp\/v2\/media?parent=423"}],"curies":[{"name":"wp","href":"https:\/\/api.w.org\/{rel}","templated":true}]}}